{"id":767,"date":"2010-10-19T21:41:23","date_gmt":"2010-10-19T19:41:23","guid":{"rendered":"https:\/\/www.professeur-layton.info\/destin-perdu\/"},"modified":"2025-08-10T14:49:10","modified_gmt":"2025-08-10T13:49:10","slug":"les-personnages-du-professeur-layton-3-et-le-destin-perdu","status":"publish","type":"page","link":"https:\/\/www.professeur-layton.info\/destin-perdu\/les-personnages-du-professeur-layton-3-et-le-destin-perdu\/","title":{"rendered":"Les personnages du Destin perdu"},"content":{"rendered":"<p><script type=\"text\/javascript\" src=\"https:\/\/www.professeur-layton.info\/destin-perdu\/wp-content\/personnages\/jquery.js\"><\/script><br \/>\n<script type=\"text\/javascript\">\n\t\t\t$(document).ready(function(){\n\t\t\t\t$(\"#nav a\").click(function(){\n\t\t\t\t\t$(\"#nav a\").removeClass(\"active\");\n\t\t\t\t\t$(this).addClass(\"active\");\n\t\t\t\t\tvar target = $(this).attr(\"href\");\n\t\t\t\t\tvar targetoffset = $(target).offset();\n\t\t\t\t\tvar personnagesContainer = $(\"#contentpanels\").offset();\n\t\t\t\t\tvar targetleft = personnagesContainer.left-targetoffset.left;\n\t\t\t\t\tvar targettop = personnagesContainer.top-targetoffset.top;\n\t\t\t\t\t$(\"#contentpanels\").animate({top:targettop,left:targetleft},600);\n\t\t\t\t\treturn false;\t\t\t\t\t\t   \n\t\t\t\t});\n\t\t\t\t$(\"#nav a:first\").addClass(\"active\");\n\t\t\t});\n\t\t<\/script><\/p>\n<div id=\"personnages\">\n<div id=\"personnagesContainer\">\n<div id=\"contentwindow\">\n<div id=\"contentpanels\">\n<div class=\"panel\" id=\"panel1\">\n<span style=\"width:140px;height:250px;float:left;\"><img loading=\"lazy\" decoding=\"async\" src=\"https:\/\/www.professeur-layton.info\/destin-perdu\/wp-content\/personnages\/layton.png\" alt=\"Professeur Hershel Layton\" title=\"Professeur Hershel Layton\" width=\"135\" height=\"250\"\/><\/span><br \/>\n<span style=\"width:280px;height:250px;float:left;color:#FFF;font-size:12px;text-align:justify;padding-top:35px;\"<strong>Hershel Layton<\/strong><\/p>\n<p>Le c\u00e9l\u00e8bre Hershel Layton, professeur d&rsquo;arch\u00e9ologie \u00e0 l&rsquo;universit\u00e9 de Gressenheller, doit relever le d\u00e9fi le plus difficile auquel il ait jamais eu \u00e0 faire. Pour \u00e9lucider cette affaire il va devoir non seulement voyager dans le temps, mais aussi se replonger dans son pass\u00e9.<\/span>\n<\/div>\n<div class=\"panel\" id=\"panel2\">\n<span style=\"width:140px;height:250px;float:left;\"><img loading=\"lazy\" decoding=\"async\" src=\"https:\/\/www.professeur-layton.info\/destin-perdu\/wp-content\/personnages\/luke.png\" alt=\"Luke Triton\" title=\"Luke Triton\" width=\"135\" height=\"250\"\/><\/span><br \/>\n<span style=\"width:280px;height:250px;float:left;color:#FFF;font-size:12px;text-align:justify;padding-top:25px;\">Luke Triton<\/p>\n<p>Auto-proclam\u00e9 assistant officiel du professeur, Luke est g\u00e9n\u00e9ralement doux et s\u00e9rieux, mais, comme tous les gar\u00e7ons de son \u00e2ge, peut parfois laisser passer un commentaire impertinent. Sa fa\u00e7on unique de dialoguer avec les animaux s&rsquo;est av\u00e9r\u00e9e bien pratique \u00e0 plusieurs reprises. Luke va avoir un v\u00e9ritable choc en se retrouvant nez \u00e0 nez avec son alter \u00e9go du futur. Mais quoi qu&rsquo;il advienne, notre cher d\u00e9tective en herbe est bien d\u00e9cid\u00e9 \u00e0 aider Layton \u00e0 r\u00e9soudre ce myst\u00e8re des plus sombres.<\/span>\n<\/div>\n<div class=\"panel\" id=\"panel3\">\n<span style=\"width:140px;height:250px;float:left;\"><img loading=\"lazy\" decoding=\"async\" src=\"https:\/\/www.professeur-layton.info\/destin-perdu\/wp-content\/personnages\/flora.png\" alt=\"Flora Reinhold\" title=\"Flora Reinhold\" width=\"135\" height=\"250\"\/><\/span><br \/>\n<span style=\"width:280px;height:250px;float:left;color:#FFF;font-size:12px;text-align:justify;padding-top:35px;\"<strong>Flora Reinhold<\/strong><\/p>\n<p>Fille unique et esseul\u00e9e d&rsquo;une riche famille, Flora revient pour collaborer avec son \u00e9quipe de d\u00e9tectives favorite pour qu&rsquo;ils affrontent l&rsquo;avenir de Londres ensemble. Pendant son temps libre, Flora aime cuisiner. Mais malgr\u00e9 ses efforts, ses plats ont plut\u00f4t pour effet de retourner les estomacs&#8230;<\/span>\n<\/div>\n<div class=\"panel\" id=\"panel4\">\n<span style=\"width:140px;height:250px;float:left;\"><img loading=\"lazy\" decoding=\"async\" src=\"https:\/\/www.professeur-layton.info\/destin-perdu\/wp-content\/personnages\/chelmey.png\" alt=\"Inspecteur Chelmey\" title=\"Inspecteur Chelmey\" width=\"135\" height=\"250\"\/><\/span><br \/>\n<span style=\"width:280px;height:250px;float:left;color:#FFF;font-size:12px;text-align:justify;padding-top:35px;\"<strong>Inspecteur Chelmey<\/strong><\/p>\n<p>Bien que sa r\u00e9putation surestime l\u00e9g\u00e8rement ses comp\u00e9tences r\u00e9elles, la simple \u00e9vocation de l&rsquo;inspecteur Chelmey suffit \u00e0 faire trembler n&rsquo;importe quel criminel londonien. Pour f\u00eater la fin d&rsquo;une affaire, Chelmey adore d\u00e9guster un plat de beignets de patates douces de son \u00e9pouse bien-aim\u00e9e.<\/span>\n<\/div>\n<div class=\"panel\" id=\"panel5\">\n<span style=\"width:140px;height:250px;float:left;\"><img loading=\"lazy\" decoding=\"async\" src=\"https:\/\/www.professeur-layton.info\/destin-perdu\/wp-content\/personnages\/barton.png\" alt=\"Barton\" title=\"Barton\" width=\"135\" height=\"250\"\/><\/span><br \/>\n<span style=\"width:280px;height:250px;float:left;color:#FFF;font-size:12px;text-align:justify;padding-top:35px;\"<strong>Barton<\/strong><\/p>\n<p>En d\u00e9pit de son apparence, le fid\u00e8le gendarme Barton, n&rsquo;a que 27 ans. Bien qu&rsquo;on ne le comprenne pas toujours, il est tr\u00e8s utile pour combler les oublis de son sup\u00e9rieur hi\u00e9rarchique.<\/span>\n<\/div>\n<div class=\"panel\" id=\"panel6\">\n<span style=\"width:140px;height:250px;float:left;\"><img loading=\"lazy\" decoding=\"async\" src=\"https:\/\/www.professeur-layton.info\/destin-perdu\/wp-content\/personnages\/luke-clive.png\" alt=\"Luke adulte \/ Clive\" title=\"Luke adulte \/ Clive\" width=\"135\" height=\"250\"\/><\/span><br \/>\n<span style=\"width:280px;height:250px;float:left;color:#FFF;font-size:12px;text-align:justify;padding-top:35px;\"<strong>Luke adulte \/ Clive<\/strong><\/p>\n<p>Se pr\u00e9sentant comme le Luke du futur, Clive est l&rsquo;instigateur de la terrible attaque contre Londres. Pendant des ann\u00e9es, il a cultiv\u00e9 un amer ressentiment envers les scientifiques et les politiciens impliqu\u00e9s dans la mort pr\u00e9matur\u00e9e de ses parents&#8230;<\/span>\n<\/div>\n<div class=\"panel\" id=\"panel7\">\n<span style=\"width:140px;height:250px;float:left;\"><img loading=\"lazy\" decoding=\"async\" src=\"https:\/\/www.professeur-layton.info\/destin-perdu\/wp-content\/personnages\/don-paolo.png\" alt=\"Don Paolo\" title=\"Don Paolo\" width=\"135\" height=\"250\"\/><\/span><br \/>\n<span style=\"width:280px;height:250px;float:left;color:#FFF;font-size:12px;text-align:justify;padding-top:35px;\"<strong>Don Paolo \/ ?<\/strong><\/p>\n<p>A l&rsquo;instar de Layton, Don Paolo a \u00e9galement suivi les cours du Docteur Andrew Shrader. Brillant scientifique, pass\u00e9 ma\u00eetre dans l&rsquo;art du d\u00e9guisement et de la supercherie, il voit en Layton son ennemi jur\u00e9. Dans cet \u00e9pisode, vous d\u00e9couvrirez l&rsquo;origine de leur diff\u00e9rend.<\/span>\n<\/div>\n<div class=\"panel\" id=\"panel8\">\n<span style=\"width:140px;height:250px;float:left;\"><img loading=\"lazy\" decoding=\"async\" src=\"https:\/\/www.professeur-layton.info\/destin-perdu\/wp-content\/personnages\/stanhgun.png\" alt=\"Docteur Alain Stanhgun \/ Dimitri Allen\" title=\"Docteur Alain Stanhgun \/ Dimitri Allen\" width=\"135\" height=\"250\"\/><\/span><br \/>\n<span style=\"width:280px;height:250px;float:left;color:#FFF;font-size:12px;text-align:justify;padding-top:35px;\"<strong>Docteur Alain Stanhgun \/ Dimitri Allen<\/strong><\/p>\n<p>Chercheur sp\u00e9cialis\u00e9 dans le voyage dans le temps, Dimitri va tout tenter, par amour, pour sauver Claire de son funeste destin, au point d&rsquo;enlever des scientifiques pour construire cette fameuse machine. Son g\u00e9nie est incontestable, mais aveugl\u00e9 par un d\u00e9sir de vengeance, il ne per\u00e7oit pas qu&rsquo;il devient un pion dans le plan machiav\u00e9lique de Clive.<\/span>\n<\/div>\n<div class=\"panel\" id=\"panel9\">\n<span style=\"width:140px;height:250px;float:left;\"><img loading=\"lazy\" decoding=\"async\" src=\"https:\/\/www.professeur-layton.info\/destin-perdu\/wp-content\/personnages\/bill-hawks.png\" alt=\"Premier Ministre Bill Hawks\" title=\"Premier Ministre Bill Hawks\" width=\"135\" height=\"250\"\/><\/span><br \/>\n<span style=\"width:280px;height:250px;float:left;color:#FFF;font-size:12px;text-align:justify;padding-top:35px;\"<strong>Premier Ministre Bill Hawks<\/strong><\/p>\n<p>Le Premier ministre du Royaume-Uni, Bill Hawks, a travaill\u00e9 de par le pass\u00e9 avec Dimitri Allen sur le d\u00e9veloppement d&rsquo;une machine \u00e0 voyager dans le temps. Toutefois, il n&rsquo;a pas h\u00e9sit\u00e9 \u00e0 trahir ses amis qui l&rsquo;ont pourtant aid\u00e9 \u00e0 atteindre son poste actuel.<\/span>\n<\/div>\n<div class=\"panel\" id=\"panel10\">\n<span style=\"width:140px;height:250px;float:left;\"><img loading=\"lazy\" decoding=\"async\" src=\"https:\/\/www.professeur-layton.info\/destin-perdu\/wp-content\/personnages\/caroline-hawks.png\" alt=\"Mme Caroline Hawks\" title=\"Mme Caroline Hawks\" width=\"135\" height=\"250\"\/><\/span><br \/>\n<span style=\"width:280px;height:250px;float:left;color:#FFF;font-size:12px;text-align:justify;padding-top:35px;\"<strong>Mme Caroline Hawks<\/strong><\/p>\n<p>Caroline est l&rsquo;\u00e9pouse du Premier ministre, Bill Hawks. C&rsquo;est une femme calculatrice qui appr\u00e9cie sa vie de c\u00e9l\u00e9brit\u00e9. Elle a le go\u00fbt des choses co\u00fbteuses, au grand dam de son mari.<\/span>\n<\/div>\n<div class=\"panel\" id=\"panel11\">\n<span style=\"width:140px;height:250px;float:left;\"><img loading=\"lazy\" decoding=\"async\" src=\"https:\/\/www.professeur-layton.info\/destin-perdu\/wp-content\/personnages\/bostro.png\" alt=\"Bostro\" title=\"Bostro\" width=\"135\" height=\"250\"\/><\/span><br \/>\n<span style=\"width:280px;height:250px;float:left;color:#FFF;font-size:12px;text-align:justify;padding-top:35px;\"<strong>Bostro<\/strong><\/p>\n<p>Homme de main de Dimitri, Bostro n&rsquo;a jamais dout\u00e9 que son patron soit le v\u00e9ritable chef du \u00ab\u00a0Clan\u00a0\u00bb et lui est rest\u00e9 fid\u00e8le. Cette d\u00e9votion aveugle a fait de lui un \u00ab\u00a0outil\u00a0\u00bb tr\u00e8s utile pour Clive.<\/span>\n<\/div>\n<div class=\"panel\" id=\"panel12\"><span style=\"width:140px;height:250px;float:left;\"><img loading=\"lazy\" decoding=\"async\" src=\"https:\/\/www.professeur-layton.info\/destin-perdu\/wp-content\/personnages\/lievre.png\" alt=\"Num\u00e9ro 3\" title=\"Num\u00e9ro 3\" width=\"135\" height=\"250\"\/><\/span><br \/>\n<span style=\"width:280px;height:250px;float:left;color:#FFF;font-size:12px;text-align:justify;padding-top:35px;\"<strong>Num\u00e9ro 3<\/strong><\/p>\n<p>Un lapin avec un vrai caract\u00e8re, Num\u00e9ro 3 a d\u00e9velopp\u00e9 une m\u00e9fiance profonde de l&rsquo;\u00eatre humain apr\u00e8s avoir \u00e9t\u00e9 soumis \u00e0 des exp\u00e9riences par l&rsquo;\u00e9quipe scientifique de Dimitri. Une fois redevenu lapin sauvage, il a acquis la capacit\u00e9 de marcher sur deux jambes.<\/span>\n<\/div>\n<div class=\"panel\" id=\"panel13\">\n<span style=\"width:140px;height:250px;float:left;\"><img loading=\"lazy\" decoding=\"async\" src=\"https:\/\/www.professeur-layton.info\/destin-perdu\/wp-content\/personnages\/dardar.png\" alt=\"Dardar\" title=\"Dardar\" width=\"135\" height=\"250\"\/><\/span><br \/>\n<span style=\"width:280px;height:250px;float:left;color:#FFF;font-size:12px;text-align:justify;padding-top:35px;\"<strong>Dardar<\/strong><\/p>\n<p>Un bourdon avec un go\u00fbt prononc\u00e9 pour les puzzles et les bavardages. Dardar \u00e9tait le gardien des casse-t\u00eate perdus, jusqu&rsquo;\u00e0 ce Puzzlette lui ait repris le r\u00f4le. Personne ne sait exactement comment il a obtenu le poste en premier lieu ? \ud83d\ude09<\/span>\n<\/div>\n<div class=\"panel\" id=\"panel14\">\n<span style=\"width:140px;height:250px;float:left;\"><img loading=\"lazy\" decoding=\"async\" src=\"https:\/\/www.professeur-layton.info\/destin-perdu\/wp-content\/personnages\/puzzlette.png\" alt=\"Mimi Myst\u00e8re\" title=\"Mimi Myst\u00e8re\" width=\"135\" height=\"250\"\/><\/span><br \/>\n<span style=\"width:280px;height:250px;float:left;color:#FFF;font-size:12px;text-align:justify;padding-top:35px;\"<strong>Mimi Myst\u00e8re<\/strong><\/p>\n<p>Mimi Myst\u00e8re est la petite-fille de Mamie Myst\u00e8re et lui succ\u00e8de en tant que gardienne des \u00e9nigmes manqu\u00e9es. M\u00eame si elle est un peu dans son monde, elle peut faire preuve d&rsquo;une surprenante cruaut\u00e9.<\/span>\n<\/div>\n<div class=\"panel\" id=\"panel15\">\n<span style=\"width:140px;height:250px;float:left;\"><img loading=\"lazy\" decoding=\"async\" src=\"https:\/\/www.professeur-layton.info\/destin-perdu\/wp-content\/personnages\/shipley.png\" alt=\"Tournay\" title=\"Tournay\" width=\"135\" height=\"250\"\/><\/span><br \/>\n<span style=\"width:280px;height:250px;float:left;color:#FFF;font-size:12px;text-align:justify;padding-top:35px;\"<strong>Tournay<\/strong><\/p>\n<p>Tournay est le facteur qui a d\u00e9livrer la lettre venue du futur au Professeur Layton. Il \u00e9tait autrefois tr\u00e8s mince, mais son amour de la fine cuisine lui a laiss\u00e9 quelques rondeurs. Il a commenc\u00e9 comme un jardinier de la maison Dove.<\/span>\n<\/div>\n<div class=\"panel\" id=\"panel16\">\n<span style=\"width:140px;height:250px;float:left;\"><img loading=\"lazy\" decoding=\"async\" src=\"https:\/\/www.professeur-layton.info\/destin-perdu\/wp-content\/personnages\/claire.png\" alt=\"Celeste \/ Claire\" title=\"Celeste \/ Claire\" width=\"135\" height=\"250\"\/><\/span><br \/>\n<span style=\"width:280px;height:250px;float:left;color:#FFF;font-size:12px;text-align:justify;padding-top:35px;\"<strong>Celeste \/ Claire<\/strong><\/p>\n<p>Une jeune femme ressemblant comme deux gouttes d&rsquo;eau \u00e0 Claire, C\u00e9leste s&rsquo;attache \u00e0 r\u00e9soudre le myst\u00e8re de la mort de sa s\u0153ur, scrutant l&rsquo;avenir de Londres \u00e0 la recherche d&rsquo;indices. Il s&rsquo;av\u00e8rera finalement que Celeste est en r\u00e9alit\u00e9 Claire elle-m\u00eame&#8230;<\/span>\n<\/div>\n<\/div>\n<\/div>\n<div id=\"nav\"><a href=\"#panel1\" title=\"Professeur Hershel Layton\"><img decoding=\"async\" src=\"https:\/\/www.professeur-layton.info\/destin-perdu\/wp-content\/personnages\/mini-layton.png\" alt=\"Professeur Hershel Layton\" title=\"Professeur Hershel Layton\" border=\"0\"\/><\/a><a href=\"#panel2\" title=\"Luke Triton\"><img decoding=\"async\" src=\"https:\/\/www.professeur-layton.info\/destin-perdu\/wp-content\/personnages\/mini-luke.png\" alt=\"Luke Triton\" title=\"Luke Triton\" border=\"0\"\/><\/a><a href=\"#panel3\" title=\"Flora Reinhold\"><img decoding=\"async\" src=\"https:\/\/www.professeur-layton.info\/destin-perdu\/wp-content\/personnages\/mini-flora.png\" alt=\"Flora Reinhold\" title=\"Flora Reinhold\" border=\"0\"\/><\/a><a href=\"#panel4\" title=\"Inspecteur Chelmey\"><img decoding=\"async\" src=\"https:\/\/www.professeur-layton.info\/destin-perdu\/wp-content\/personnages\/mini-chelmey.png\" alt=\"Inspecteur Chelmey\" title=\"Inspecteur Chelmey\" border=\"0\"\/><\/a><a href=\"#panel5\" title=\"Agent Barton\"><img decoding=\"async\" src=\"https:\/\/www.professeur-layton.info\/destin-perdu\/wp-content\/personnages\/mini-barton.png\" alt=\"Agent Barton\" title=\"Agent Barton\" border=\"0\"\/><\/a><a href=\"#panel6\" title=\"Luke adulte \/ ?\"><img decoding=\"async\" src=\"https:\/\/www.professeur-layton.info\/destin-perdu\/wp-content\/personnages\/mini-luke-clive.png\" alt=\"Luke du futur \/ Clive\" title=\"Luke adulte \/ Clive\" border=\"0\"\/><\/a><a href=\"#panel7\" title=\"Don Paolo\"><img decoding=\"async\" src=\"https:\/\/www.professeur-layton.info\/destin-perdu\/wp-content\/personnages\/mini-don-paolo.png\" alt=\"Don Paolo\" title=\"Don Paolo\" border=\"0\"\/><\/a><a href=\"#panel8\" title=\"Docteur Alain Stanhgun\"><img decoding=\"async\" src=\"https:\/\/www.professeur-layton.info\/destin-perdu\/wp-content\/personnages\/mini-stanhgun.png\" alt=\"Docteur Alain Stanhgun\" title=\"Docteur Alain Stanhgun\" border=\"0\"\/><\/a><br \/><a href=\"#panel9\" title=\"Premier Ministre Bill Hawks\"><img decoding=\"async\" src=\"https:\/\/www.professeur-layton.info\/destin-perdu\/wp-content\/personnages\/mini-bill-hawks.png\" alt=\"Premier Ministre Bill Hawks\" title=\"Premier Ministre Bill Hawks\" border=\"0\"\/><\/a><a href=\"#panel10\" title=\"Mme Caroline Hawks\"><img decoding=\"async\" src=\"https:\/\/www.professeur-layton.info\/destin-perdu\/wp-content\/personnages\/mini-caroline-hawks.png\" alt=\"Mme Caroline Hawks\" title=\"Mme Caroline Hawks\" border=\"0\"\/><\/a><a href=\"#panel11\" title=\"Bostro\"><img decoding=\"async\" src=\"https:\/\/www.professeur-layton.info\/destin-perdu\/wp-content\/personnages\/mini-bostro.png\" alt=\"Bostro\" title=\"Bostro\" border=\"0\"\/><\/a><a href=\"#panel12\" title=\"Bostro\"><img decoding=\"async\" src=\"https:\/\/www.professeur-layton.info\/destin-perdu\/wp-content\/personnages\/mini-lievre.png\" alt=\"Num\u00e9ro 3\" title=\"Num\u00e9ro 3\" border=\"0\"\/><\/a><a href=\"#panel13\" title=\"Dardar\"><img decoding=\"async\" src=\"https:\/\/www.professeur-layton.info\/destin-perdu\/wp-content\/personnages\/mini-dardar.png\" alt=\"Dardar\" title=\"Dardar\" border=\"0\"\/><\/a><a href=\"#panel14\" title=\"Mimi Myst\u00e8re\"><img decoding=\"async\" src=\"https:\/\/www.professeur-layton.info\/destin-perdu\/wp-content\/personnages\/mini-puzzlette.png\" alt=\"Mimi Myst\u00e8re\" title=\"Mimi Myst\u00e8re\" border=\"0\"\/><\/a><a href=\"#panel15\" title=\"Tournay\"><img decoding=\"async\" src=\"https:\/\/www.professeur-layton.info\/destin-perdu\/wp-content\/personnages\/mini-shipley.png\" alt=\"Tournay\" title=\"Tournay\" border=\"0\"\/><\/a><a href=\"#panel16\" title=\"Claire\"><img decoding=\"async\" src=\"https:\/\/www.professeur-layton.info\/destin-perdu\/wp-content\/personnages\/mini-claire.png\" alt=\"Claire\" title=\"Claire\" border=\"0\"\/><\/a><\/div>\n<\/div>\n<\/div>\n","protected":false},"excerpt":{"rendered":"","protected":false},"author":2,"featured_media":0,"parent":0,"menu_order":0,"comment_status":"open","ping_status":"closed","template":"personnages.php","meta":{"footnotes":""},"class_list":["post-767","page","type-page","status-publish","hentry"],"_links":{"self":[{"href":"https:\/\/www.professeur-layton.info\/destin-perdu\/wp-json\/wp\/v2\/pages\/767","targetHints":{"allow":["GET"]}}],"collection":[{"href":"https:\/\/www.professeur-layton.info\/destin-perdu\/wp-json\/wp\/v2\/pages"}],"about":[{"href":"https:\/\/www.professeur-layton.info\/destin-perdu\/wp-json\/wp\/v2\/types\/page"}],"author":[{"embeddable":true,"href":"https:\/\/www.professeur-layton.info\/destin-perdu\/wp-json\/wp\/v2\/users\/2"}],"replies":[{"embeddable":true,"href":"https:\/\/www.professeur-layton.info\/destin-perdu\/wp-json\/wp\/v2\/comments?post=767"}],"version-history":[{"count":125,"href":"https:\/\/www.professeur-layton.info\/destin-perdu\/wp-json\/wp\/v2\/pages\/767\/revisions"}],"predecessor-version":[{"id":1810,"href":"https:\/\/www.professeur-layton.info\/destin-perdu\/wp-json\/wp\/v2\/pages\/767\/revisions\/1810"}],"wp:attachment":[{"href":"https:\/\/www.professeur-layton.info\/destin-perdu\/wp-json\/wp\/v2\/media?parent=767"}],"curies":[{"name":"wp","href":"https:\/\/api.w.org\/{rel}","templated":true}]}}