{"id":376,"date":"2009-10-11T12:12:05","date_gmt":"2009-10-11T11:12:05","guid":{"rendered":"http:\/\/www.mossphet.com\/professor-layton\/?page_id=376"},"modified":"2010-08-06T22:51:37","modified_gmt":"2010-08-06T20:51:37","slug":"professeur-layton-boite-de-pandore-appareil-photo","status":"publish","type":"page","link":"https:\/\/www.professeur-layton.info\/boite-de-pandore\/professeur-layton-boite-de-pandore-appareil-photo\/","title":{"rendered":"Appareil Photo"},"content":{"rendered":"<p>Au cours du premier chapitre, <https:\/\/www.professeur-layton.info\/boite-de-pandore\/category\/professeur-layton-et-la-boite-de-pandore\/professeur-layton-chapitre-1-un-train-de-legende-molentary-express\/\" title=\"Chapitre 1 - Un train de l\u00e9gende\"><em>Chapitre 1 &#8211; Un train de l\u00e9gende<\/em><\/a>,<br \/>\nalors que vous arpentez le Molentary Express de long en large pour le d\u00e9couvrir puis pour partir \u00e0 la recherche de Tom [<em><https:\/\/www.professeur-layton.info\/boite-de-pandore\/2009\/10\/04\/professeur-layton-boite-de-pandore-enigme-015-mais-qui-est-tom-30-picarats\/\" title=\"Voir l'\u00e9nigme 15 : Mais qui est Tom ? \">l&rsquo;enfant disparu<\/a><\/em>],vous rencontrerez l&rsquo;\u00e9nergique Sam L\u00e9clair, contr\u00f4leur de son \u00e9tat, digne repr\u00e9sentant de la Rock&rsquo;N Roll Attitude ! Yeaaah ! \ud83d\ude09<br \/>\nCe dernier vous remettra un bo\u00eetier d&rsquo;appareil photo vide, inutilisable en l&rsquo;\u00e9tat.<br \/>\n<br \/>\nQue faire de ce bo\u00eetier ?<br \/>\nEn menant votre enqu\u00eate au sujet de la disparition, diff\u00e9rents voyageurs (dans le train), puis d&rsquo;autres personnages que vous rencontrerez dans les chapitres suivants, vous remettrons des pi\u00e8ces permettant la reconstitution du dit apprareil, moyennant la r\u00e9solution d&rsquo;une petite \u00e9nigme, cela va sans dire.<br \/>\nA vous de retrouvrez les <strong>10<\/strong> pi\u00e8ces manquantes afin de redonner vie \u00e0 cet appareil photo.<\/p>\n<p>Trouvez les 10 p\u00ee\u00e8ces de l&rsquo;appareil photo en cliquant ici :<br \/>\n<a href=\"https:\/\/www.professeur-layton.info\/boite-de-pandore\/professeur-layton-boite-de-pandore-appareil-photo\/professeur-layton-boite-de-pandore-ou-trouver-les-pieces-de-l-appareil-photo\" title=\"Professeur Layton et la boite de Pandore : O\u00f9 trouver les pi\u00e8ces de l'appareil photo ?\" alt=\"Professeur Layton et la boite de Pandore : O\u00f9 trouver les pi\u00e8ces de l'appareil photo ?\" style=\"color:#990000;font-weight:bold;\"><u>O\u00f9 trouver les pi\u00e8ces de l&rsquo;appareil photo ?<\/u><\/a><br \/>\n<\/p>\n<p>D\u00e9couvrez comment r\u00e9parer l&rsquo;appareil photo en cliquant ici :<br \/>\n<a name=\"piecesAppareilPhoto\" href=\"https:\/\/www.professeur-layton.info\/boite-de-pandore\/professeur-layton-boite-de-pandore-appareil-photo\/professeur-layton-boite-de-pandore-reconstitution-des-pieces-de-l-appareil-photo\/\"  title=\"Professeur Layton et la boite de Pandore : Reconstitution des pi\u00e8ces de l'appareil photo\" style=\"color:#990000;font-weight:bold;\"><u>Reconstitution des pi\u00e8ces de l&rsquo;appareil photo<\/u><\/a><\/p>\n","protected":false},"excerpt":{"rendered":"<p>Au cours du premier chapitre, l&rsquo;enfant disparu],vous rencontrerez l&rsquo;\u00e9nergique Sam L\u00e9clair, contr\u00f4leur de son \u00e9tat, digne repr\u00e9sentant de la Rock&rsquo;N Roll Attitude ! Yeaaah ! \ud83d\ude09 Ce dernier vous remettra un bo\u00eetier d&rsquo;appareil photo vide, inutilisable en l&rsquo;\u00e9tat. Que faire de ce bo\u00eetier ? En menant votre enqu\u00eate au sujet de la disparition, diff\u00e9rents voyageurs [&hellip;]<\/p>\n","protected":false},"author":2,"featured_media":0,"parent":0,"menu_order":3,"comment_status":"open","ping_status":"open","template":"","meta":{"footnotes":""},"class_list":["post-376","page","type-page","status-publish","hentry"],"_links":{"self":[{"href":"https:\/\/www.professeur-layton.info\/boite-de-pandore\/wp-json\/wp\/v2\/pages\/376","targetHints":{"allow":["GET"]}}],"collection":[{"href":"https:\/\/www.professeur-layton.info\/boite-de-pandore\/wp-json\/wp\/v2\/pages"}],"about":[{"href":"https:\/\/www.professeur-layton.info\/boite-de-pandore\/wp-json\/wp\/v2\/types\/page"}],"author":[{"embeddable":true,"href":"https:\/\/www.professeur-layton.info\/boite-de-pandore\/wp-json\/wp\/v2\/users\/2"}],"replies":[{"embeddable":true,"href":"https:\/\/www.professeur-layton.info\/boite-de-pandore\/wp-json\/wp\/v2\/comments?post=376"}],"version-history":[{"count":6,"href":"https:\/\/www.professeur-layton.info\/boite-de-pandore\/wp-json\/wp\/v2\/pages\/376\/revisions"}],"predecessor-version":[{"id":1962,"href":"https:\/\/www.professeur-layton.info\/boite-de-pandore\/wp-json\/wp\/v2\/pages\/376\/revisions\/1962"}],"wp:attachment":[{"href":"https:\/\/www.professeur-layton.info\/boite-de-pandore\/wp-json\/wp\/v2\/media?parent=376"}],"curies":[{"name":"wp","href":"https:\/\/api.w.org\/{rel}","templated":true}]}}