{"id":1868,"date":"2010-03-04T23:19:01","date_gmt":"2010-03-04T22:19:01","guid":{"rendered":"http:\/\/www.mossphet.com\/professor-layton\/?page_id=1868"},"modified":"2010-08-06T23:01:21","modified_gmt":"2010-08-06T21:01:21","slug":"le-livre-des-memoires-de-vladimir-van-herzen","status":"publish","type":"page","link":"https:\/\/www.professeur-layton.info\/boite-de-pandore\/le-livre-des-memoires-de-vladimir-van-herzen\/","title":{"rendered":"Le livre des m\u00e9moires"},"content":{"rendered":"<p>Au cours de l&rsquo;aventure (Chapitre 4), vous ferez une d\u00e9couverte int\u00e9ressante en trouvant sur le chemin menant au nord de Folsense, le Livre des M\u00e9moires.<br \/>\nCe livre n&rsquo;est autre que le journal intime de Vladimir Van Herzel dans lequel, au fil des chapitres, il confie son histoire. Chacun de ces chapitres est verrouill\u00e9 par une cl\u00e9, au nombre de douze, qu&rsquo;il vous faudra trouver, \u00e9parpill\u00e9es dans Folsense. Pour les obtenir, vous devrez aller \u00e0 la rencontre de certains personnages, discuter avec eux et bien souvent r\u00e9soudre leurs \u00e9nigmes.<\/p>\n<p>Voici la localisation des 12 cl\u00e9s du Livre des M\u00e9moires :<\/p>\n<p><strong>Cl\u00e9 n\u00b01<\/strong> : Lorsque vous obtenez le livre, la premi\u00e8re cl\u00e9 vous est fournie, vous pouvez donc consulter le premier chapitre :<br \/>\n<img loading=\"lazy\" decoding=\"async\" src=\"https:\/\/www.professeur-layton.info\/boite-de-pandore\/files\/2010\/03\/journal_cle_1.png\" alt=\"Livre des M\u00e9moires - Cl\u00e9 1\" width=\"256\" height=\"192\" class=\" aligncenter size-full wp-image-1870\" \/><\/p>\n<p>\n<strong>Cl\u00e9 n\u00b02<\/strong> : Entrez chez Richard, l&rsquo;antiquaire, parlez avec lui et il vous confiera la seconde cl\u00e9 :<br \/>\n<img loading=\"lazy\" decoding=\"async\" src=\"https:\/\/www.professeur-layton.info\/boite-de-pandore\/files\/2010\/03\/journal_cle_2.png\" alt=\"Livre des M\u00e9moires - Cl\u00e9 2\" width=\"256\" height=\"192\" class=\"aligncenter size-full wp-image-1871\" \/><\/p>\n<p>\n<strong>Cl\u00e9 n\u00b03<\/strong> : Dans l&rsquo;h\u00f4tel, apr\u00e8s avoir r\u00e9solu l&rsquo;<a href=\"https:\/\/www.professeur-layton.info\/boite-de-pandore\/2009\/11\/01\/professeur-layton-boite-de-pandore-enigme-110-le-chemin-parcouru-35-picarats\/\" title=\"Enigme 110 - Le chemin parcouru\">\u00e9nigme 110<\/a>, parler \u00e0 Krantz, le Groom. Il vous proposera l&rsquo;<a href=\"https:\/\/www.professeur-layton.info\/boite-de-pandore\/2009\/10\/28\/professeur-layton-boite-de-pandore-enigme-092-lor-a-la-pelle-40-picarats\/\" title=\"Enigme 92 - L'or \u00e0 la pelle\">\u00e9nigme 92<\/a>. R\u00e9solvez la et la troisi\u00e8me cl\u00e9 sera \u00e0 vous :<br \/>\n<img loading=\"lazy\" decoding=\"async\" src=\"https:\/\/www.professeur-layton.info\/boite-de-pandore\/files\/2010\/03\/journal_cle_3.png\" alt=\"Livre des M\u00e9moires - Cl\u00e9 2\" width=\"256\" height=\"192\" class=\"aligncenter size-full wp-image-1872\" \/><\/p>\n<p>\n<strong>Cl\u00e9 n\u00b04<\/strong> : Toujours dans l&rsquo;h\u00f4tel, apr\u00e8s avoir r\u00e9solu l&rsquo;<a href=\"https:\/\/www.professeur-layton.info\/boite-de-pandore\/2009\/11\/01\/professeur-layton-boite-de-pandore-enigme-110-le-chemin-parcouru-35-picarats\/\" title=\"Enigme 110 - Le chemin parcouru\">\u00e9nigme 110<\/a> et ne pas avoir r\u00e9solu le myst\u00e8re B\u00e9louga, parlez \u00e0 Barton, le policier et assistant de l&rsquo;Inspecteur Chelmey, qui vous proposera l&rsquo;<a href=\"https:\/\/www.professeur-layton.info\/boite-de-pandore\/2009\/11\/03\/professeur-layton-boite-de-pandore-enigme-111-au-rapport-chef-50-picarats\/\" title=\"Enigme 111 - Au rapport Chef !\">\u00e9nigme 111<\/a> et vous donnera en r\u00e9compense la 4\u00e8me cl\u00e9 :<br \/>\n<img loading=\"lazy\" decoding=\"async\" src=\"https:\/\/www.professeur-layton.info\/boite-de-pandore\/files\/2010\/03\/journal_cle_4.png\" alt=\"Livre des M\u00e9moires - Cl\u00e9 3\" width=\"256\" height=\"192\" class=\"aligncenter size-full wp-image-1873\" \/><\/p>\n<p>\n<strong>Cl\u00e9 n\u00b05<\/strong> : Au cabaret, apr\u00e8s avoir r\u00e9solu l&rsquo;<a href=\"https:\/\/www.professeur-layton.info\/boite-de-pandore\/2009\/11\/01\/professeur-layton-boite-de-pandore-enigme-110-le-chemin-parcouru-35-picarats\/\" title=\"Enigme 110 - Le chemin parcouru\">\u00e9nigme 110<\/a>, parlez \u00e0 Ilyana, elle vous proposera l&rsquo;<a href=\"https:\/\/www.professeur-layton.info\/boite-de-pandore\/2009\/10\/22\/professeur-layton-boite-de-pandore-enigme-071-quel-age-a-t-elle-30-picarats\/\" title=\"Enigme 71 - Quel \u00e2ge a-t-elle ?\">\u00e9nigme 71<\/a> :<br \/>\n<img loading=\"lazy\" decoding=\"async\" src=\"https:\/\/www.professeur-layton.info\/boite-de-pandore\/files\/2010\/03\/journal_cle_5.png\" alt=\"Livre des M\u00e9moires - Cl\u00e9 4\" width=\"256\" height=\"192\" class=\"aligncenter size-full wp-image-1874\" \/><\/p>\n<p>\n<strong>Cl\u00e9 n\u00b06<\/strong> : Dans la rue, apr\u00e8s r\u00e9solu l&rsquo;<a href=\"https:\/\/www.professeur-layton.info\/boite-de-pandore\/2009\/11\/01\/professeur-layton-boite-de-pandore-enigme-110-le-chemin-parcouru-35-picarats\/\" title=\"Enigme 110 - Le chemin parcouru\">\u00e9nigme 110<\/a> et ne pas avoir r\u00e9solu le myst\u00e8re B\u00e9louga, parlez \u00e0 Lila. Attention, il ne faut pas qu&rsquo;elle est soif pour qu&rsquo;elle vous propose l&rsquo;<a href=\"https:\/\/www.professeur-layton.info\/boite-de-pandore\/2009\/11\/05\/professeur-layton-boite-de-pandore-enigme-120-force-hippique-30-picarats\/\" title=\"Enigme 120 - Force hippique\">\u00e9nigme 120<\/a> :<br \/>\n<img loading=\"lazy\" decoding=\"async\" src=\"https:\/\/www.professeur-layton.info\/boite-de-pandore\/files\/2010\/03\/journal_cle_6.png\" alt=\"Livre des M\u00e9moires - Cl\u00e9 5\" width=\"256\" height=\"192\" class=\"aligncenter size-full wp-image-1875\" \/><\/p>\n<p>\n<strong>Cl\u00e9 n\u00b07<\/strong> : Dans la rue devant l&rsquo;h\u00f4tel, parlez \u00e0 Sammy.<br \/>\n<img loading=\"lazy\" decoding=\"async\" src=\"https:\/\/www.professeur-layton.info\/boite-de-pandore\/files\/2010\/03\/journal_cle_7.png\" alt=\"Livre des M\u00e9moires - Cl\u00e9 6\" width=\"256\" height=\"192\" class=\"aligncenter size-full wp-image-1876\" \/><\/p>\n<p>\n<strong>Cl\u00e9 n\u00b08<\/strong> : Entr\u00e9e du Mus\u00e9e Van Herzen, parlez \u00e0 Gregorio pour d\u00e9clencher l&rsquo;<a href=\"https:\/\/www.professeur-layton.info\/boite-de-pandore\/2009\/11\/01\/professeur-layton-boite-de-pandore-enigme-107-cavalier-en-ballade-2-50-picarats\/\" title=\"Enigme 107 - Cavalier en ballade 2\">\u00e9nigme 107<\/a> :<br \/>\n<img loading=\"lazy\" decoding=\"async\" src=\"https:\/\/www.professeur-layton.info\/boite-de-pandore\/files\/2010\/03\/journal_cle_8.png\" alt=\"Livre des M\u00e9moires - Cl\u00e9 7\" width=\"256\" height=\"192\" class=\"aligncenter size-full wp-image-1877\" \/><\/p>\n<p>\n<strong>Cl\u00e9 n\u00b09<\/strong> : Int\u00e9rieur du Mus\u00e9e Van Herzen, vous devez regarder la statue et les portraits puis parler \u00e0 Grinko :<br \/>\n<img loading=\"lazy\" decoding=\"async\" src=\"https:\/\/www.professeur-layton.info\/boite-de-pandore\/files\/2010\/03\/journal_cle_9.png\" alt=\"Livre des M\u00e9moires - Cl\u00e9 8\" width=\"256\" height=\"192\" class=\"aligncenter size-full wp-image-1878\" \/><\/p>\n<p>\n<strong>Cl\u00e9 n\u00b010<\/strong> : Dans la Mine, examinez le tableau au fond d&rsquo;un couloir, il s&rsquo;agit de l&rsquo;<a href=\"https:\/\/www.professeur-layton.info\/boite-de-pandore\/2009\/10\/25\/professeur-layton-boite-de-pandore-enigme-078-porte-a-porte-25-picarats\/\" title=\"Enigme 78 - Porte \u00e0 porte\">\u00e9nigme 78<\/a> :<br \/>\n<img loading=\"lazy\" decoding=\"async\" src=\"https:\/\/www.professeur-layton.info\/boite-de-pandore\/files\/2010\/03\/journal_cle_10.png\" alt=\"Livre des M\u00e9moires - Cl\u00e9 9\" width=\"256\" height=\"192\" class=\"aligncenter size-full wp-image-1879\" \/><\/p>\n<p>\n<strong>Cl\u00e9 n\u00b011<\/strong> : Dans l&rsquo;entr\u00e9e de la Mine,  apr\u00e8s avoir r\u00e9solu l&rsquo;<a href=\"https:\/\/www.professeur-layton.info\/boite-de-pandore\/2009\/10\/27\/professeur-layton-boite-de-pandore-enigme-082-depannage-impromptu-30-picarats\/\" title=\"Enigme 82 - D\u00e9pannage impromptu\">\u00e9nigme 82<\/a>, parlez \u00e0 Pavel le touriste incongru qui vous mettra \u00e0 l&rsquo;\u00e9preuve avec l&rsquo;<a href=\"https:\/\/www.professeur-layton.info\/boite-de-pandore\/2009\/10\/25\/professeur-layton-boite-de-pandore-enigme-077-decoration-soignee-30-picarats\/\" title=\"Enigme 77 - D\u00e9coration soign\u00e9e\">\u00e9nigme 77<\/a> :<br \/>\n<img loading=\"lazy\" decoding=\"async\" src=\"https:\/\/www.professeur-layton.info\/boite-de-pandore\/files\/2010\/03\/journal_cle_11.png\" alt=\"Livre des M\u00e9moires - Cl\u00e9 10\" width=\"256\" height=\"192\" class=\"aligncenter size-full wp-image-1880\" \/><\/p>\n<p>\n<strong>Cl\u00e9 n\u00b012<\/strong> : Ch\u00e2teau Van Herzen, dans la pi\u00e8ce o\u00f9 Layton et Luke sont enferm\u00e9s. La cl\u00e9 de leur \u00e9vasion d\u00e9verrouillera le dernier chapitre : <a href=\"https:\/\/www.professeur-layton.info\/boite-de-pandore\/2009\/11\/14\/professeur-layton-boite-de-pandore-enigme-133-evasion-60-picarats\/\" title=\"Enigme 133 - L'\u00e9vasion\">\u00e9nigme 133<\/a> :<br \/>\n<img loading=\"lazy\" decoding=\"async\" src=\"https:\/\/www.professeur-layton.info\/boite-de-pandore\/files\/2010\/03\/journal_cle_12.png\" alt=\"Livre des M\u00e9moires - Cl\u00e9 11\" width=\"256\" height=\"192\" class=\"aligncenter size-full wp-image-1881\" \/><\/p>\n<p>Vous serez ainsi en possession des 12 cl\u00e9s vous permettant de d\u00e9verrouiller les 12 chapitres du Livre des M\u00e9moires qui n&rsquo;aura alors plus de secret pour vous.<\/p>\n","protected":false},"excerpt":{"rendered":"<p>Au cours de l&rsquo;aventure (Chapitre 4), vous ferez une d\u00e9couverte int\u00e9ressante en trouvant sur le chemin menant au nord de Folsense, le Livre des M\u00e9moires. Ce livre n&rsquo;est autre que le journal intime de Vladimir Van Herzel dans lequel, au fil des chapitres, il confie son histoire. Chacun de ces chapitres est verrouill\u00e9 par une [&hellip;]<\/p>\n","protected":false},"author":2,"featured_media":0,"parent":0,"menu_order":0,"comment_status":"open","ping_status":"open","template":"","meta":{"footnotes":""},"class_list":["post-1868","page","type-page","status-publish","hentry"],"_links":{"self":[{"href":"https:\/\/www.professeur-layton.info\/boite-de-pandore\/wp-json\/wp\/v2\/pages\/1868","targetHints":{"allow":["GET"]}}],"collection":[{"href":"https:\/\/www.professeur-layton.info\/boite-de-pandore\/wp-json\/wp\/v2\/pages"}],"about":[{"href":"https:\/\/www.professeur-layton.info\/boite-de-pandore\/wp-json\/wp\/v2\/types\/page"}],"author":[{"embeddable":true,"href":"https:\/\/www.professeur-layton.info\/boite-de-pandore\/wp-json\/wp\/v2\/users\/2"}],"replies":[{"embeddable":true,"href":"https:\/\/www.professeur-layton.info\/boite-de-pandore\/wp-json\/wp\/v2\/comments?post=1868"}],"version-history":[{"count":1,"href":"https:\/\/www.professeur-layton.info\/boite-de-pandore\/wp-json\/wp\/v2\/pages\/1868\/revisions"}],"predecessor-version":[{"id":1963,"href":"https:\/\/www.professeur-layton.info\/boite-de-pandore\/wp-json\/wp\/v2\/pages\/1868\/revisions\/1963"}],"wp:attachment":[{"href":"https:\/\/www.professeur-layton.info\/boite-de-pandore\/wp-json\/wp\/v2\/media?parent=1868"}],"curies":[{"name":"wp","href":"https:\/\/api.w.org\/{rel}","templated":true}]}}