{"id":152,"date":"2011-12-24T12:55:32","date_gmt":"2011-12-24T12:55:32","guid":{"rendered":"https:\/\/www.professeur-layton.info\/appel-du-spectre\/?page_id=152"},"modified":"2011-12-24T12:55:32","modified_gmt":"2011-12-24T12:55:32","slug":"le-livre-d-or-du-professeur-layton-4-et-l-appel-du-spectre","status":"publish","type":"page","link":"https:\/\/www.professeur-layton.info\/appel-du-spectre\/le-livre-d-or-du-professeur-layton-4-et-l-appel-du-spectre\/","title":{"rendered":"Le Livre d&rsquo;or"},"content":{"rendered":"<p>Bonjour \u00e0 toutes et tous, cher(e)s visiteurs\/teuses et fans du Professeur Layton !<br \/>\nCette page est \u00e0 votre disposition afin de vous donner la possibilit\u00e9 de vous exprimer en dehors des \u00e9nigmes et pour rassembler vos messages.<br \/>\nJe vous laisse la parole&#8230;<br \/>\nMoss.<\/p>\n","protected":false},"excerpt":{"rendered":"<p>Bonjour \u00e0 toutes et tous, cher(e)s visiteurs\/teuses et fans du Professeur Layton ! Cette page est \u00e0 votre disposition afin de vous donner la possibilit\u00e9 de vous exprimer en dehors des \u00e9nigmes et pour rassembler vos messages. Je vous laisse la parole&#8230; Moss.<\/p>\n","protected":false},"author":2,"featured_media":0,"parent":0,"menu_order":0,"comment_status":"open","ping_status":"open","template":"","meta":{"footnotes":""},"class_list":["post-152","page","type-page","status-publish","hentry"],"_links":{"self":[{"href":"https:\/\/www.professeur-layton.info\/appel-du-spectre\/wp-json\/wp\/v2\/pages\/152","targetHints":{"allow":["GET"]}}],"collection":[{"href":"https:\/\/www.professeur-layton.info\/appel-du-spectre\/wp-json\/wp\/v2\/pages"}],"about":[{"href":"https:\/\/www.professeur-layton.info\/appel-du-spectre\/wp-json\/wp\/v2\/types\/page"}],"author":[{"embeddable":true,"href":"https:\/\/www.professeur-layton.info\/appel-du-spectre\/wp-json\/wp\/v2\/users\/2"}],"replies":[{"embeddable":true,"href":"https:\/\/www.professeur-layton.info\/appel-du-spectre\/wp-json\/wp\/v2\/comments?post=152"}],"version-history":[{"count":1,"href":"https:\/\/www.professeur-layton.info\/appel-du-spectre\/wp-json\/wp\/v2\/pages\/152\/revisions"}],"predecessor-version":[{"id":153,"href":"https:\/\/www.professeur-layton.info\/appel-du-spectre\/wp-json\/wp\/v2\/pages\/152\/revisions\/153"}],"wp:attachment":[{"href":"https:\/\/www.professeur-layton.info\/appel-du-spectre\/wp-json\/wp\/v2\/media?parent=152"}],"curies":[{"name":"wp","href":"https:\/\/api.w.org\/{rel}","templated":true}]}}